{"id":2306,"date":"2018-11-27T14:06:53","date_gmt":"2018-11-27T13:06:53","guid":{"rendered":"https:\/\/www.die-aerzte-fuer-afrika.de\/?page_id=2306"},"modified":"2019-12-15T13:28:28","modified_gmt":"2019-12-15T12:28:28","slug":"homepage","status":"publish","type":"page","link":"https:\/\/www.die-aerzte-fuer-afrika.de\/en\/","title":{"rendered":"Wilkommen"},"content":{"rendered":"<h1><strong>Wilkommen<\/strong>&nbsp;&#8211; Welcome &#8211; Akwaaba<\/h1>\n<p><!--more--><\/p>\n<p>&#8220;Doctors for Africa ev&#8221; was founded in 2007 in order to support the medical care system in West African Ghana, especially to improve the desperately needed urological care.<br \/>\nOur voluntary team includes physicians, nurses and enthusiastic friends of Africa from diverse professional areas.<br \/>\nWe see it as our primary task to regularly visit our current six partner hospitals in teams of 2 to 3 persons. These visits are usually planned for 15 days, in which the team is offering consultations, treatment, and operations to patients that would otherwise not have access to urological care. In average we are aiming to visit each of our partner hospitals two times per year.<br \/>\nOur partner hospitals are:<\/p>\n<ul>\n<li style=\"list-style-type: none;\">\n<ul>\n<li>St. Dominic \u0301s Hospital in Akwatia<\/li>\n<li>Catholic Hospital in Battor<\/li>\n<li>St. Anthony \u0301s Hospital in Dzodze<\/li>\n<li>Margret Marquart Catholic Hospital Kpando<\/li>\n<li>Holy Family Hospital in Nkawkaw<\/li>\n<li>St. Joseph \u0301s Hospital in Jirapa<\/li>\n<\/ul>\n<\/li>\n<\/ul>\n<p><!--more--><\/p>\n<p>&nbsp;<\/p>\n<p>Here, you can find out the next scheduled visit of our team in the hospital in your neighborhood.<\/p>\n<p><a href=\"https:\/\/www.die-aerzte-fuer-afrika.de\/wp-content\/uploads\/2019\/01\/Einsatzplan-2019-13-englisch.pdf\">Visiting plan 2019<\/a><\/p>\n<p><a href=\"https:\/\/www.die-aerzte-fuer-afrika.de\/wp-content\/uploads\/2019\/12\/Einsatzplan-2020-Stand-31.Okt_.2019-englisch.xlsx\">Visiting plan 2020<\/a><\/p>\n<p>The screening of patients always starts on the first Friday of the mission. Please contact your local hospital in advance for an appointment. This will help us greatly to schedule consultation and screening hours.<\/p>\n<p>We hope to sustain enhancement of urological care through our missions. Therefore, we train your local staff, and support their projects in order to improve urological and hygiene standards. In this way we can guarantee a long lasting, positive effect on the medical community outside the timeline of our presence.<br \/>\nFurthermore, we try to establish an independent, reliable, electric power supply, which is vital to guarantee the safety of our patients during operations and treatments throughout the local medical community.<br \/>\nFor more information about our engagement, please contact us by mail info@die-aerzte-fuer-afrika.de.<\/p>\n<p><!--more--><\/p>\n<p>Die \u00c4rzte f\u00fcr Afrika e.V.<br \/>\n<!--more--><br \/>\nDie \u00c4rzte f\u00fcr Afrika e.V. ist ein gemeinn\u00fctziger Verein, dessen Ziel es ist, die urologische Versorgung bed\u00fcrftiger Menschen in Afrika zu verbessern.<br \/>\n<!--more--><br \/>\nUnser Team, das ausschlie\u00dflich ehrenamtlich t\u00e4tig ist, besteht aus \u00c4rzten, medizinischen Pflegekr\u00e4ften und engagierten Afrika-Freunden anderer Berufssparten. Wir arbeiten im westafrikanischen Ghana, wobei der Schwerpunkt unserer T\u00e4tigkeit im Bereich der Urologie liegt. Warum das Land hier dringend Unterst\u00fctzung und Hilfe braucht, das erfahren Sie unter dem Men\u00fcpunkt Projekte. Auch Sie k\u00f6nnen kranken Menschen in Ghana helfen. Informieren Sie sich unter Unser Verein und Spenden &amp; Helfen, welche M\u00f6glichkeiten Ihnen &#8220;DIE \u00c4RZTE f\u00fcr AFRIKA&#8221; geben, sich zu engagieren.<br \/>\n<!--more--><br \/>\n<iframe loading=\"lazy\" src=\"https:\/\/www.youtube.com\/embed\/eakKfY5aHmY\" allowfullscreen=\"allowfullscreen\" width=\"917\" height=\"345\" frameborder=\"0\"><\/iframe><\/p>\n<p><!--more--><br \/>\n<img loading=\"lazy\" decoding=\"async\" class=\"alignnone size-full wp-image-35\" src=\"https:\/\/www.die-aerzte-fuer-afrika.de\/wp-content\/uploads\/2017\/12\/image1-sample.png\" alt=\"\" width=\"617\" height=\"345\" srcset=\"https:\/\/www.die-aerzte-fuer-afrika.de\/wp-content\/uploads\/2017\/12\/image1-sample.png 617w, https:\/\/www.die-aerzte-fuer-afrika.de\/wp-content\/uploads\/2017\/12\/image1-sample-300x168.png 300w\" sizes=\"auto, (max-width: 617px) 100vw, 617px\" \/><br \/>\n<!--more--><br \/>\nDie \u00c4rzte f\u00fcr Afrika e.V. ist ein gemeinn\u00fctziger Verein, dessen Ziel es ist, die medizinische Versorgung bed\u00fcrftiger Menschen in Afrika zu verbessern.<br \/>\n<!--more--><br \/>\nLorem ipsum dolor sit amet, consetetur sadipscing elitr, sed diam nonumy eirmod tempor invidunt ut labore et dolore magna aliquyam erat, sed diam voluptua. At vero eos et accusam et justo duo dolores et ea rebum. Stet clita kasd gubergren, no sea takimata sanctus est Lorem ipsum dolor sit amet. Lorem ipsum dolor sit amet, consetetur sadipscing elitr, sed diam nonumy eirmod tempor invidunt ut labore et dolore magna aliquyam erat, sed diam voluptua. At vero eos et accusam et justo duo dolores et ea rebum. Stet clita kasd gubergren, no sea takimata sanctus est Lorem ipsum dolor sit amet. Lorem ipsum dolor sit amet, consetetur sadipscing elitr, sed diam nonumy eirmod tempor invidunt ut labore et dolore magna aliquyam erat, sed diam voluptua. At vero eos et accusam et justo duo dolores et ea rebum. Stet clita kasd gubergren, no sea takimata.<!--more--><\/p>\n","protected":false},"excerpt":{"rendered":"<p>Wilkommen&nbsp;&#8211; Welcome &#8211; Akwaaba<\/p>\n","protected":false},"author":3,"featured_media":0,"parent":0,"menu_order":0,"comment_status":"closed","ping_status":"closed","template":"","meta":{"_acf_changed":false,"protect_children":false,"_uag_custom_page_level_css":"","advgb_blocks_editor_width":"","advgb_blocks_columns_visual_guide":"","ngg_post_thumbnail":0,"footnotes":""},"class_list":["post-2306","page","type-page","status-publish","hentry"],"acf":[],"uagb_featured_image_src":{"full":false,"thumbnail":false,"medium":false,"medium_large":false,"large":false,"1536x1536":false,"2048x2048":false},"uagb_author_info":{"display_name":"Erhard R\u00fcbsam","author_link":"https:\/\/www.die-aerzte-fuer-afrika.de\/en\/author\/afa-admin\/"},"uagb_comment_info":0,"uagb_excerpt":"Wilkommen&nbsp;&#8211; Welcome &#8211; Akwaaba","coauthors":[],"author_meta":{"author_link":"https:\/\/www.die-aerzte-fuer-afrika.de\/en\/author\/afa-admin\/","display_name":"Erhard R\u00fcbsam"},"relative_dates":{"created":"Posted 7 years ago","modified":"Updated 6 years ago"},"absolute_dates":{"created":"Posted on 27.11.2018","modified":"Updated on 15.12.2019"},"absolute_dates_time":{"created":"Posted on 27.11.2018 14:06","modified":"Updated on 15.12.2019 13:28"},"featured_img_caption":"","featured_img":false,"series_order":"","_links":{"self":[{"href":"https:\/\/www.die-aerzte-fuer-afrika.de\/en\/wp-json\/wp\/v2\/pages\/2306","targetHints":{"allow":["GET"]}}],"collection":[{"href":"https:\/\/www.die-aerzte-fuer-afrika.de\/en\/wp-json\/wp\/v2\/pages"}],"about":[{"href":"https:\/\/www.die-aerzte-fuer-afrika.de\/en\/wp-json\/wp\/v2\/types\/page"}],"author":[{"embeddable":true,"href":"https:\/\/www.die-aerzte-fuer-afrika.de\/en\/wp-json\/wp\/v2\/users\/3"}],"replies":[{"embeddable":true,"href":"https:\/\/www.die-aerzte-fuer-afrika.de\/en\/wp-json\/wp\/v2\/comments?post=2306"}],"version-history":[{"count":13,"href":"https:\/\/www.die-aerzte-fuer-afrika.de\/en\/wp-json\/wp\/v2\/pages\/2306\/revisions"}],"predecessor-version":[{"id":3095,"href":"https:\/\/www.die-aerzte-fuer-afrika.de\/en\/wp-json\/wp\/v2\/pages\/2306\/revisions\/3095"}],"wp:attachment":[{"href":"https:\/\/www.die-aerzte-fuer-afrika.de\/en\/wp-json\/wp\/v2\/media?parent=2306"}],"curies":[{"name":"wp","href":"https:\/\/api.w.org\/{rel}","templated":true}]}}